{"id":159,"date":"2020-06-09T14:07:15","date_gmt":"2020-06-09T12:07:15","guid":{"rendered":"http:\/\/occi-peche.com\/?page_id=159"},"modified":"2025-07-02T17:37:58","modified_gmt":"2025-07-02T15:37:58","slug":"public-enfants","status":"publish","type":"page","link":"https:\/\/occi-peche.com\/index.php\/public-enfants\/","title":{"rendered":"D\u00e9couverte et Initiation \/ Cours &#8211; \u00c9cole de p\u00eache"},"content":{"rendered":"\n<figure class=\"wp-block-image aligncenter size-large is-resized\"><img loading=\"lazy\" decoding=\"async\" src=\"https:\/\/occi-peche.com\/wp-content\/uploads\/2025\/07\/1_20250615_204709_0000-724x1024.png\" alt=\"D\u00e9couverte p\u00eache \nInitiation p\u00eache \" class=\"wp-image-2184\" width=\"623\" height=\"882\" srcset=\"https:\/\/occi-peche.com\/wp-content\/uploads\/2025\/07\/1_20250615_204709_0000-724x1024.png 724w, https:\/\/occi-peche.com\/wp-content\/uploads\/2025\/07\/1_20250615_204709_0000-600x849.png 600w, https:\/\/occi-peche.com\/wp-content\/uploads\/2025\/07\/1_20250615_204709_0000-212x300.png 212w, https:\/\/occi-peche.com\/wp-content\/uploads\/2025\/07\/1_20250615_204709_0000-768x1086.png 768w, https:\/\/occi-peche.com\/wp-content\/uploads\/2025\/07\/1_20250615_204709_0000-1086x1536.png 1086w, https:\/\/occi-peche.com\/wp-content\/uploads\/2025\/07\/1_20250615_204709_0000-676x956.png 676w, https:\/\/occi-peche.com\/wp-content\/uploads\/2025\/07\/1_20250615_204709_0000.png 1414w\" sizes=\"auto, (max-width: 623px) 100vw, 623px\" \/><figcaption class=\"wp-element-caption\">D\u00e9couverte et Initiation p\u00eache <\/figcaption><\/figure>\n\n\n\n<p>Je propose des d\u00e9couvertes\/Initiations p\u00eaches durant quelques heures selon vos demandes. <\/p>\n\n\n\n<p>Le but \u00e9tant de vous apprendre les bases de la p\u00eache et de la technique de votre choix. (Coup, carpe, leurre) \u00e0 des tarifs abordables \u00e0 toutes et \u00e0 tous.<\/p>\n\n\n\n<p>Ces initiations visent principalement un publi6c jeune, mais \u00e9galement familial.<\/p>\n\n\n\n<p>N&rsquo;h\u00e9sitez pas \u00e0 me contacter pour plus de renseignement.<\/p>\n\n\n<div class=\"wp-block-image\">\n<figure class=\"aligncenter size-large is-resized\"><img loading=\"lazy\" decoding=\"async\" src=\"https:\/\/occi-peche.com\/wp-content\/uploads\/2025\/07\/6_20250615_204710_0004-724x1024.png\" alt=\"Cours et \u00e9cole de p\u00eache \" class=\"wp-image-2188\" width=\"600\" height=\"847\" srcset=\"https:\/\/occi-peche.com\/wp-content\/uploads\/2025\/07\/6_20250615_204710_0004-212x300.png 212w, https:\/\/occi-peche.com\/wp-content\/uploads\/2025\/07\/6_20250615_204710_0004-768x1086.png 768w\" sizes=\"auto, (max-width: 600px) 100vw, 600px\" \/><figcaption class=\"wp-element-caption\">Cours et \u00e9cole de p\u00eache <\/figcaption><\/figure><\/div>\n\n\n<p>Elle permet d\u2019inscrire son enfant pour qu\u2019il puisse participer \u00e0 des s\u00e9ances p\u00eache avec diff\u00e9rentes th\u00e9matiques (th\u00e9orie et pratique) au long de l\u2019ann\u00e9e. (Matin ou apr\u00e8s-midi selon inscriptions) <\/p>\n\n\n\n<p>Les enfants inscrits \u00e0 l&rsquo;\u00e9cole de p\u00eache pourront aborder des techniques de p\u00eache comme : <\/p>\n\n\n\n<ul class=\"wp-block-list\">\n<li>P\u00eache au coup<\/li>\n\n\n\n<li>P\u00eache au feeder\/anglaise <\/li>\n\n\n\n<li>La p\u00eache aux leurres <\/li>\n\n\n\n<li>P\u00eache de la Carpe et du Silure<\/li>\n<\/ul>\n\n\n\n<p><em>Me contacter pour plus de renseignements<\/em>.<\/p>\n\n\n\n<p><\/p>\n","protected":false},"excerpt":{"rendered":"<p>Je propose des d\u00e9couvertes\/Initiations p\u00eaches durant quelques heures selon vos demandes. Le but \u00e9tant de vous apprendre les bases de la p\u00eache et de la technique de votre choix. (Coup, carpe, leurre) \u00e0 des tarifs abordables \u00e0 toutes et \u00e0 tous. Ces initiations visent principalement un publi6c jeune, mais \u00e9galement familial. N&rsquo;h\u00e9sitez pas \u00e0 me&#8230;<\/p>\n","protected":false},"author":2,"featured_media":0,"parent":0,"menu_order":0,"comment_status":"closed","ping_status":"closed","template":"","meta":{"footnotes":""},"class_list":["post-159","page","type-page","status-publish","hentry"],"_links":{"self":[{"href":"https:\/\/occi-peche.com\/index.php\/wp-json\/wp\/v2\/pages\/159","targetHints":{"allow":["GET"]}}],"collection":[{"href":"https:\/\/occi-peche.com\/index.php\/wp-json\/wp\/v2\/pages"}],"about":[{"href":"https:\/\/occi-peche.com\/index.php\/wp-json\/wp\/v2\/types\/page"}],"author":[{"embeddable":true,"href":"https:\/\/occi-peche.com\/index.php\/wp-json\/wp\/v2\/users\/2"}],"replies":[{"embeddable":true,"href":"https:\/\/occi-peche.com\/index.php\/wp-json\/wp\/v2\/comments?post=159"}],"version-history":[{"count":15,"href":"https:\/\/occi-peche.com\/index.php\/wp-json\/wp\/v2\/pages\/159\/revisions"}],"predecessor-version":[{"id":2191,"href":"https:\/\/occi-peche.com\/index.php\/wp-json\/wp\/v2\/pages\/159\/revisions\/2191"}],"wp:attachment":[{"href":"https:\/\/occi-peche.com\/index.php\/wp-json\/wp\/v2\/media?parent=159"}],"curies":[{"name":"wp","href":"https:\/\/api.w.org\/{rel}","templated":true}]}}