{"id":18,"date":"2020-04-06T21:47:20","date_gmt":"2020-04-06T19:47:20","guid":{"rendered":"http:\/\/occi-peche.com\/?page_id=18"},"modified":"2025-07-02T21:41:42","modified_gmt":"2025-07-02T19:41:42","slug":"portrait","status":"publish","type":"page","link":"https:\/\/occi-peche.com\/","title":{"rendered":"Portrait"},"content":{"rendered":"<div class=\"wp-block-image\">\n<figure class=\"aligncenter size-large is-resized\"><img loading=\"lazy\" decoding=\"async\" src=\"https:\/\/occi-peche.com\/wp-content\/uploads\/2025\/07\/IMG-20241102-WA0043-1024x771.jpg\" alt=\"\" class=\"wp-image-2182\" width=\"618\" height=\"464\" srcset=\"https:\/\/occi-peche.com\/wp-content\/uploads\/2025\/07\/IMG-20241102-WA0043-1024x771.jpg 1024w, https:\/\/occi-peche.com\/wp-content\/uploads\/2025\/07\/IMG-20241102-WA0043-300x226.jpg 300w, https:\/\/occi-peche.com\/wp-content\/uploads\/2025\/07\/IMG-20241102-WA0043-768x578.jpg 768w, https:\/\/occi-peche.com\/wp-content\/uploads\/2025\/07\/IMG-20241102-WA0043-2048x1542.jpg 2048w, https:\/\/occi-peche.com\/wp-content\/uploads\/2025\/07\/IMG-20241102-WA0043-676x509.jpg 676w\" sizes=\"auto, (max-width: 618px) 100vw, 618px\" \/><\/figure><\/div>\n\n\n<p>\u00c0 26 ans, ma passion pour la nature et l&rsquo;environnement guide mes pas depuis toujours. Fort d&rsquo;un Bac Pro Gestion des Milieux Naturels et de la Faune, j&rsquo;ai eu la chance d&rsquo;explorer les vastes \u00e9tendues du Canada, o\u00f9 j&rsquo;ai v\u00e9cu des exp\u00e9riences de p\u00eache inoubliables, de la p\u00eache sous glace \u00e0 la recherche des morues, s\u00e9bastes, fl\u00e9tans ainsi que des truites mouchet\u00e9es et brochets dans les lacs embl\u00e9matiques.<\/p>\n\n\n\n<p><br>Pour moi, la p\u00eache est bien plus qu&rsquo;un loisir : c&rsquo;est un v\u00e9ritable mode de vie, omnipr\u00e9sent depuis mon adolescence. Que ce soit au coup, de la carpe au silure,  d\u00e9couvrant la truite et des techniques sp\u00e9cifiques comme la mouche, chaque sortie est une nouvelle aventure. J&rsquo;ai eu l&rsquo;opportunit\u00e9 de me perfectionner gr\u00e2ce \u00e0 des stages avec des moniteurs guides de p\u00eache, enrichissant ainsi mes connaissances et ma p\u00e9dagogie.<\/p>\n\n\n\n<p><br>Je me consid\u00e8re comme un p\u00eacheur polyvalent, ma\u00eetrisant diverses techniques. Mon plaisir r\u00e9side autant dans la capture que dans l&rsquo;observation des poissons, et je suis convaincu qu&rsquo;il faut toujours rester ouvert aux nouvelles approches. Ma plus grande joie est de partager cette passion et de faire d\u00e9couvrir les merveilles de la p\u00eache et la richesse des milieux aquatiques, en transmettant le respect de cet environnement.<\/p>\n\n\n\n<p><br>Titulaire du BAFA, d&rsquo;un BPJEPS et du Brevet Surveillant Baignade, je travaille \u00e9galement dans le monde de l&rsquo;animation. Ces certifications me permettent d&rsquo;accueillir des publics vari\u00e9s, le week-end ou durant les vacances scolaires, prouvant qu&rsquo;il est possible d&rsquo;allier travail et passion.<\/p>\n\n\n\n<p><br>Sur ce site, vous d\u00e9couvrirez les principales prestations que je propose. N&rsquo;h\u00e9sitez pas \u00e0 me contacter pour toute information compl\u00e9mentaire. <\/p>\n\n\n\n<p><\/p>\n\n\n<div class=\"wp-block-image\">\n<figure class=\"aligncenter size-large is-resized\"><img loading=\"lazy\" decoding=\"async\" src=\"https:\/\/occi-peche.com\/wp-content\/uploads\/2021\/11\/IMG_20180114_174542_919-1024x1024.jpg\" alt=\"\" class=\"wp-image-601\" width=\"532\" height=\"532\" srcset=\"https:\/\/occi-peche.com\/wp-content\/uploads\/2021\/11\/IMG_20180114_174542_919-1024x1024.jpg 1024w, https:\/\/occi-peche.com\/wp-content\/uploads\/2021\/11\/IMG_20180114_174542_919-300x300.jpg 300w, https:\/\/occi-peche.com\/wp-content\/uploads\/2021\/11\/IMG_20180114_174542_919-100x100.jpg 100w, https:\/\/occi-peche.com\/wp-content\/uploads\/2021\/11\/IMG_20180114_174542_919-600x600.jpg 600w, https:\/\/occi-peche.com\/wp-content\/uploads\/2021\/11\/IMG_20180114_174542_919-150x150.jpg 150w, https:\/\/occi-peche.com\/wp-content\/uploads\/2021\/11\/IMG_20180114_174542_919-768x768.jpg 768w, https:\/\/occi-peche.com\/wp-content\/uploads\/2021\/11\/IMG_20180114_174542_919-1536x1536.jpg 1536w, https:\/\/occi-peche.com\/wp-content\/uploads\/2021\/11\/IMG_20180114_174542_919-2048x2048.jpg 2048w, https:\/\/occi-peche.com\/wp-content\/uploads\/2021\/11\/IMG_20180114_174542_919-676x676.jpg 676w\" sizes=\"auto, (max-width: 532px) 100vw, 532px\" \/><figcaption class=\"wp-element-caption\">Raie \u00e9pineuse prise sur le Fjord du Saguenay lors d\u2019une p\u00eache sur glace au CANADA.<\/figcaption><\/figure><\/div>\n\n\n<p class=\"has-text-align-justify has-white-color has-text-color has-background\" style=\"background-color:#90c9fe\">Dipl\u00f4mes et qualification&nbsp;:<br>-BPJEPS P\u00eache de loisir<br>-BAFA et Brevet de Surveillant Baignade <br>-Formation aux premiers secours (PSC1)<\/p>\n","protected":false},"excerpt":{"rendered":"<p>\u00c0 26 ans, ma passion pour la nature et l&rsquo;environnement guide mes pas depuis toujours. Fort d&rsquo;un Bac Pro Gestion des Milieux Naturels et de la Faune, j&rsquo;ai eu la chance d&rsquo;explorer les vastes \u00e9tendues du Canada, o\u00f9 j&rsquo;ai v\u00e9cu des exp\u00e9riences de p\u00eache inoubliables, de la p\u00eache sous glace \u00e0 la recherche des morues,&#8230;<\/p>\n","protected":false},"author":1,"featured_media":0,"parent":0,"menu_order":0,"comment_status":"closed","ping_status":"closed","template":"","meta":{"footnotes":""},"class_list":["post-18","page","type-page","status-publish","hentry"],"_links":{"self":[{"href":"https:\/\/occi-peche.com\/index.php\/wp-json\/wp\/v2\/pages\/18","targetHints":{"allow":["GET"]}}],"collection":[{"href":"https:\/\/occi-peche.com\/index.php\/wp-json\/wp\/v2\/pages"}],"about":[{"href":"https:\/\/occi-peche.com\/index.php\/wp-json\/wp\/v2\/types\/page"}],"author":[{"embeddable":true,"href":"https:\/\/occi-peche.com\/index.php\/wp-json\/wp\/v2\/users\/1"}],"replies":[{"embeddable":true,"href":"https:\/\/occi-peche.com\/index.php\/wp-json\/wp\/v2\/comments?post=18"}],"version-history":[{"count":25,"href":"https:\/\/occi-peche.com\/index.php\/wp-json\/wp\/v2\/pages\/18\/revisions"}],"predecessor-version":[{"id":2207,"href":"https:\/\/occi-peche.com\/index.php\/wp-json\/wp\/v2\/pages\/18\/revisions\/2207"}],"wp:attachment":[{"href":"https:\/\/occi-peche.com\/index.php\/wp-json\/wp\/v2\/media?parent=18"}],"curies":[{"name":"wp","href":"https:\/\/api.w.org\/{rel}","templated":true}]}}