{"id":72,"date":"2020-04-06T23:05:28","date_gmt":"2020-04-06T21:05:28","guid":{"rendered":"http:\/\/occi-peche.com\/?page_id=72"},"modified":"2025-07-02T22:25:21","modified_gmt":"2025-07-02T20:25:21","slug":"guidage-carpe","status":"publish","type":"page","link":"https:\/\/occi-peche.com\/index.php\/guidage-carpe\/","title":{"rendered":"Guidage carpe"},"content":{"rendered":"<div class=\"wp-block-image\">\n<figure class=\"aligncenter size-large\"><img loading=\"lazy\" decoding=\"async\" width=\"1024\" height=\"454\" src=\"https:\/\/occi-peche.com\/wp-content\/uploads\/2025\/07\/2025-06-15-19-09-31-391-1024x454.jpg\" alt=\"\" class=\"wp-image-2219\" srcset=\"https:\/\/occi-peche.com\/wp-content\/uploads\/2025\/07\/2025-06-15-19-09-31-391-1024x454.jpg 1024w, https:\/\/occi-peche.com\/wp-content\/uploads\/2025\/07\/2025-06-15-19-09-31-391-300x133.jpg 300w, https:\/\/occi-peche.com\/wp-content\/uploads\/2025\/07\/2025-06-15-19-09-31-391-768x340.jpg 768w, https:\/\/occi-peche.com\/wp-content\/uploads\/2025\/07\/2025-06-15-19-09-31-391-676x300.jpg 676w, https:\/\/occi-peche.com\/wp-content\/uploads\/2025\/07\/2025-06-15-19-09-31-391-600x266.jpg 600w, https:\/\/occi-peche.com\/wp-content\/uploads\/2025\/07\/2025-06-15-19-09-31-391.jpg 1282w\" sizes=\"auto, (max-width: 1024px) 100vw, 1024px\" \/><\/figure><\/div>\n\n\n<p>La carpe est plus gros poisson de la famille des cyprinid\u00e9s (poisson blanc), pouvant atteindre plus de 30 kilos, et d\u00e9passer le m\u00e8tre. <\/p>\n\n\n\n<p>La carpe est un poisson sportif, puissant gr\u00e2ce \u00e0 un corps muscl\u00e9, pouvant mettre d&rsquo;\u00e9norme combat, pr\u00e9sente dans la plupart des milieux aquatiques (\u00e9tang, lac, rivi\u00e8re), elles sont pr\u00e9sentes en grosse quantit\u00e9 sur le Tarn.<\/p>\n\n\n\n<p>La p\u00eache de la carpe est tr\u00e8s pratiqu\u00e9e, car elle poss\u00e8de une image de p\u00eache relaxante et sportive mais aussi un cot\u00e9 vacance. Il n\u2019est en effet pas rare de pass\u00e9 plusieurs jours et nuits au bord de l&rsquo;eau.<\/p>\n\n\n\n<p>Lors de la p\u00eache de la carpe, de nombreuses esp\u00e8ces sont susceptibles de se nourrir des app\u00e2ts, comme les esturgeons (sur certains lacs), et des autres poissons blancs (barbeaux, carassin, chevesne&#8230;) et voir m\u00eame des silures.<\/p>\n\n\n\n<p>Je vous propose 3 possibilit\u00e9s :<\/p>\n\n\n\n<p class=\"has-large-font-size\"><strong><span style=\"text-decoration: underline;\">P<\/span><em><span style=\"text-decoration: underline;\">\u00eache en Stalking :<\/span><\/em> <\/strong><\/p>\n\n\n\n<p>La p\u00eache en \u00ab\u00a0stalking\u00a0\u00bb qui signifie traque en anglais, consiste \u00e0 p\u00eacher au meilleur moment de la journ\u00e9e et de fa\u00e7on itin\u00e9rante. Rep\u00e9rage et discr\u00e9tion sont de mise avec cette technique. C&rsquo;est une technique excitante car on peut arriver \u00e0 voir les poissons ce nourrir et prendre notre app\u00e2t. Le mat\u00e9riel est \u00e9galement l\u00e9ger, car il suffit d&rsquo;une canne, d&rsquo;un sac \u00e0 dos, d&rsquo;une \u00e9puisette et d&rsquo;un tapis de r\u00e9ception.<\/p>\n\n\n\n<p>Plusieurs approches sont possible, que ce soit de la p\u00eache en surface avec des app\u00e2ts flottants (pain, pop-up), ou au fond avec des montages traditionnels et des app\u00e2ts tel que du ma\u00efs doux, des asticots&#8230;<\/p>\n\n\n\n<figure class=\"wp-block-table\"><table><tbody><tr><td>2 heures<\/td><td>50 \u20ac<\/td><\/tr><tr><td>4 heures<\/td><td>80\u20ac<\/td><\/tr><\/tbody><\/table><\/figure>\n\n\n\n<figure class=\"wp-block-gallery has-nested-images columns-default is-cropped wp-block-gallery-1 is-layout-flex wp-block-gallery-is-layout-flex\">\n<figure class=\"wp-block-image size-large\"><img loading=\"lazy\" decoding=\"async\" width=\"2560\" height=\"1928\" data-id=\"2224\" src=\"https:\/\/occi-peche.com\/wp-content\/uploads\/2025\/07\/IMG-20241102-WA0047-1-edited-scaled.jpg\" alt=\"\" class=\"wp-image-2224\" srcset=\"https:\/\/occi-peche.com\/wp-content\/uploads\/2025\/07\/IMG-20241102-WA0047-1-edited-scaled.jpg 2560w, https:\/\/occi-peche.com\/wp-content\/uploads\/2025\/07\/IMG-20241102-WA0047-1-edited-300x226.jpg 300w, https:\/\/occi-peche.com\/wp-content\/uploads\/2025\/07\/IMG-20241102-WA0047-1-edited-1024x771.jpg 1024w, https:\/\/occi-peche.com\/wp-content\/uploads\/2025\/07\/IMG-20241102-WA0047-1-edited-768x578.jpg 768w, https:\/\/occi-peche.com\/wp-content\/uploads\/2025\/07\/IMG-20241102-WA0047-1-edited-1536x1157.jpg 1536w, https:\/\/occi-peche.com\/wp-content\/uploads\/2025\/07\/IMG-20241102-WA0047-1-edited-2048x1542.jpg 2048w, https:\/\/occi-peche.com\/wp-content\/uploads\/2025\/07\/IMG-20241102-WA0047-1-edited-676x509.jpg 676w, https:\/\/occi-peche.com\/wp-content\/uploads\/2025\/07\/IMG-20241102-WA0047-1-edited-600x452.jpg 600w\" sizes=\"auto, (max-width: 2560px) 100vw, 2560px\" \/><\/figure>\n<\/figure>\n\n\n\n<p class=\"has-large-font-size\"><strong><span style=\"text-decoration: underline;\">P<\/span><em><span style=\"text-decoration: underline;\">\u00eache de journ\u00e9e (8 heures) :<\/span><\/em> <\/strong><\/p>\n\n\n\n<p>Cette formule permet d&rsquo;aborder des techniques plus pouss\u00e9es et qui demande plus de temps de \u00ab\u00a0mise en place\u00a0\u00bb. Nous pourrons donc d&rsquo;avantage aborder les sujets comme les diff\u00e9rents montages, le placement des cannes, l&rsquo;amor\u00e7age, ainsi que le comportement des carpes selon les p\u00e9riodes ect&#8230;<\/p>\n\n\n\n<figure class=\"wp-block-table\"><table><tbody><tr><td>1 personne<\/td><td>150 \u20ac<\/td><\/tr><tr><td>2 personnes<\/td><td>130\u20ac\/pers<\/td><\/tr><\/tbody><\/table><\/figure>\n\n\n\n<p class=\"has-larger-font-size\"><strong>Formule 24 heures<\/strong> <\/p>\n\n\n\n<p class=\"has-regular-font-size\">Cette formule permet de passer une nuit au bord de l&rsquo;eau tout en capturant des carpes de jour et de nuit. Quoi de plus agr\u00e9able que de ce r\u00e9veiller au bord de l&rsquo;eau et de voir la nature se r\u00e9veiller en m\u00eame temps ?<\/p>\n\n\n\n<p>Nous aborderons les montages, l&rsquo;amor\u00e7age, le placement des cannes, l&rsquo;installation du campement, la s\u00e9curit\u00e9&#8230;<\/p>\n\n\n\n<figure class=\"wp-block-table\"><table><tbody><tr><td>1 personne<\/td><td>200\u20ac<\/td><\/tr><tr><td>2 personnes<\/td><td>160 \u20ac\/pers<\/td><\/tr><\/tbody><\/table><\/figure>\n\n\n<div class=\"wp-block-image\">\n<figure class=\"aligncenter size-large is-resized\"><img loading=\"lazy\" decoding=\"async\" src=\"https:\/\/occi-peche.com\/wp-content\/uploads\/2023\/01\/20210309_203837-1024x901.jpg\" alt=\"\" class=\"wp-image-1343\" width=\"521\" height=\"458\" srcset=\"https:\/\/occi-peche.com\/wp-content\/uploads\/2023\/01\/20210309_203837-1024x901.jpg 1024w, https:\/\/occi-peche.com\/wp-content\/uploads\/2023\/01\/20210309_203837-600x528.jpg 600w, https:\/\/occi-peche.com\/wp-content\/uploads\/2023\/01\/20210309_203837-300x264.jpg 300w, https:\/\/occi-peche.com\/wp-content\/uploads\/2023\/01\/20210309_203837-768x675.jpg 768w, https:\/\/occi-peche.com\/wp-content\/uploads\/2023\/01\/20210309_203837-1536x1351.jpg 1536w, https:\/\/occi-peche.com\/wp-content\/uploads\/2023\/01\/20210309_203837-2048x1801.jpg 2048w, https:\/\/occi-peche.com\/wp-content\/uploads\/2023\/01\/20210309_203837-676x595.jpg 676w\" sizes=\"auto, (max-width: 521px) 100vw, 521px\" \/><figcaption class=\"wp-element-caption\">Jolie carpe miroir prise lors d&rsquo;une session de 4 jours<\/figcaption><\/figure><\/div>","protected":false},"excerpt":{"rendered":"<p>La carpe est plus gros poisson de la famille des cyprinid\u00e9s (poisson blanc), pouvant atteindre plus de 30 kilos, et d\u00e9passer le m\u00e8tre. La carpe est un poisson sportif, puissant gr\u00e2ce \u00e0 un corps muscl\u00e9, pouvant mettre d&rsquo;\u00e9norme combat, pr\u00e9sente dans la plupart des milieux aquatiques (\u00e9tang, lac, rivi\u00e8re), elles sont pr\u00e9sentes en grosse quantit\u00e9&#8230;<\/p>\n","protected":false},"author":1,"featured_media":0,"parent":0,"menu_order":0,"comment_status":"closed","ping_status":"closed","template":"","meta":{"footnotes":""},"class_list":["post-72","page","type-page","status-publish","hentry"],"_links":{"self":[{"href":"https:\/\/occi-peche.com\/index.php\/wp-json\/wp\/v2\/pages\/72","targetHints":{"allow":["GET"]}}],"collection":[{"href":"https:\/\/occi-peche.com\/index.php\/wp-json\/wp\/v2\/pages"}],"about":[{"href":"https:\/\/occi-peche.com\/index.php\/wp-json\/wp\/v2\/types\/page"}],"author":[{"embeddable":true,"href":"https:\/\/occi-peche.com\/index.php\/wp-json\/wp\/v2\/users\/1"}],"replies":[{"embeddable":true,"href":"https:\/\/occi-peche.com\/index.php\/wp-json\/wp\/v2\/comments?post=72"}],"version-history":[{"count":26,"href":"https:\/\/occi-peche.com\/index.php\/wp-json\/wp\/v2\/pages\/72\/revisions"}],"predecessor-version":[{"id":2225,"href":"https:\/\/occi-peche.com\/index.php\/wp-json\/wp\/v2\/pages\/72\/revisions\/2225"}],"wp:attachment":[{"href":"https:\/\/occi-peche.com\/index.php\/wp-json\/wp\/v2\/media?parent=72"}],"curies":[{"name":"wp","href":"https:\/\/api.w.org\/{rel}","templated":true}]}}