{"id":86,"date":"2020-04-09T21:12:59","date_gmt":"2020-04-09T19:12:59","guid":{"rendered":"http:\/\/occi-peche.com\/?page_id=86"},"modified":"2025-07-02T21:54:45","modified_gmt":"2025-07-02T19:54:45","slug":"guidage-silure","status":"publish","type":"page","link":"https:\/\/occi-peche.com\/index.php\/guidage-silure\/","title":{"rendered":"Guidage silure"},"content":{"rendered":"<div class=\"wp-block-image\">\n<figure class=\"aligncenter size-large is-resized\"><img loading=\"lazy\" decoding=\"async\" src=\"https:\/\/occi-peche.com\/wp-content\/uploads\/2025\/07\/2_20250615_204710_0001-724x1024.png\" alt=\"\" class=\"wp-image-2208\" width=\"569\" height=\"804\" srcset=\"https:\/\/occi-peche.com\/wp-content\/uploads\/2025\/07\/2_20250615_204710_0001-724x1024.png 724w, https:\/\/occi-peche.com\/wp-content\/uploads\/2025\/07\/2_20250615_204710_0001-212x300.png 212w, https:\/\/occi-peche.com\/wp-content\/uploads\/2025\/07\/2_20250615_204710_0001-768x1086.png 768w, https:\/\/occi-peche.com\/wp-content\/uploads\/2025\/07\/2_20250615_204710_0001-1086x1536.png 1086w, https:\/\/occi-peche.com\/wp-content\/uploads\/2025\/07\/2_20250615_204710_0001-676x956.png 676w, https:\/\/occi-peche.com\/wp-content\/uploads\/2025\/07\/2_20250615_204710_0001-600x849.png 600w, https:\/\/occi-peche.com\/wp-content\/uploads\/2025\/07\/2_20250615_204710_0001.png 1414w\" sizes=\"auto, (max-width: 569px) 100vw, 569px\" \/><\/figure><\/div>\n\n\n<p>Le silure est le plus gros poisson que l&rsquo;on peut retrouver en France, pouvant atteindre les 2m80 et peser plus de 100 kilos. Bien pr\u00e9sents sur la rivi\u00e8re Tarn,  je vous invite \u00e0 venir taquiner ces poissons. N\u00e9cessitant un mat\u00e9riel adapt\u00e9, tout est fourni et compris dans le tarif (cannes, montages, app\u00e2ts, &#8230;)<\/p>\n\n\n\n<p>Pour vous attaquer aux silures, deux possibilit\u00e9s s&rsquo;offrent \u00e0 vous : La p\u00eache en bateau et\/ou la p\u00eache du bord.<\/p>\n\n\n\n<p><strong><span style=\"text-decoration: underline;\">P\u00eache en Bateau :<\/span><\/strong><\/p>\n\n\n\n<p>A bord d&rsquo;un zodiac de 3 m\u00e8tres, \u00e9quip\u00e9 d&rsquo;un moteur \u00e9lectrique et d&rsquo;un thermique, d&rsquo;un \u00e9chosondeur, vous allez traquer les silures gr\u00e2ces \u00e0 diff\u00e9rentes techniques.<\/p>\n\n\n\n<p><span style=\"text-decoration: underline;\">La p\u00eache au Fireball<\/span> : La p\u00eache au fireball n\u00e9cessite l&rsquo;utilisation de vifs (vivants ou morts). Cette technique se pratique en d\u00e9rive en verticale, c&rsquo;est \u00e0 dire \u00e0 l&rsquo;aplomb du bateau. Nous laissons donc notre vif rejoindre le fond, puis nous le d\u00e9collons de quelques centim\u00e8tres. L&rsquo;utilisation d&rsquo;un \u00e9chosondeur et vivement conseill\u00e9 afin de suivre parfaitement le relief du fond et de voir la pr\u00e9sence de silure. En utilisant un vif mort, il nous faudra animer celui-ci par des petits mouvements de cannes, ce qui est inutile de faire avec un vif vivant. Cette technique est captivante et la touche souvent violente. <\/p>\n\n\n<div class=\"wp-block-image\">\n<figure class=\"aligncenter size-large is-resized\"><img loading=\"lazy\" decoding=\"async\" src=\"https:\/\/occi-peche.com\/wp-content\/uploads\/2022\/06\/2022-06-08-17-39-43-284-768x1024.jpg\" alt=\"\" class=\"wp-image-1232\" width=\"287\" height=\"383\" srcset=\"https:\/\/occi-peche.com\/wp-content\/uploads\/2022\/06\/2022-06-08-17-39-43-284-768x1024.jpg 768w, https:\/\/occi-peche.com\/wp-content\/uploads\/2022\/06\/2022-06-08-17-39-43-284-600x800.jpg 600w, https:\/\/occi-peche.com\/wp-content\/uploads\/2022\/06\/2022-06-08-17-39-43-284-225x300.jpg 225w, https:\/\/occi-peche.com\/wp-content\/uploads\/2022\/06\/2022-06-08-17-39-43-284-1152x1536.jpg 1152w, https:\/\/occi-peche.com\/wp-content\/uploads\/2022\/06\/2022-06-08-17-39-43-284-676x901.jpg 676w, https:\/\/occi-peche.com\/wp-content\/uploads\/2022\/06\/2022-06-08-17-39-43-284.jpg 1536w\" sizes=\"auto, (max-width: 287px) 100vw, 287px\" \/><figcaption class=\"wp-element-caption\">Un poissons captur\u00e9 avec un fireball + vif<\/figcaption><\/figure><\/div>\n\n\n<p><span style=\"text-decoration: underline;\">La p\u00eache au Clonk teaser (soutenir)<\/span> : Pour cette technique nous utilisons un plomb souvent muni d&rsquo;une \u00ab\u00a0jupe\u00a0\u00bb et de perle, munis d&rsquo;un hame\u00e7on o\u00f9 sera fix\u00e9 des vers, encornets, trippes. L&rsquo;utilisation d&rsquo;un \u00e9chosondeur est \u00e9galement primordiale afin de positionner les app\u00e2ts quelques centim\u00e8tres au-dessus d&rsquo;un silure. L&rsquo;action de p\u00eache est assez simple, il suffit de faire des petites tirettes pour que notre plomb et app\u00e2ts s&rsquo;animent.  Nous tenons souvent la tresse dans la main (permettant d&rsquo;\u00eatre au m\u00eame niveau que la sonde de l&rsquo;\u00e9chosondeur), et de ressentir la touche, le combat se d\u00e9roule ensuite avec la canne. L&rsquo;utilisation d&rsquo;un clonk peut dans certaines situations s&rsquo;av\u00e9rer tr\u00e8s efficace. <\/p>\n\n\n<div class=\"wp-block-image\">\n<figure class=\"aligncenter size-large is-resized\"><img loading=\"lazy\" decoding=\"async\" src=\"https:\/\/occi-peche.com\/wp-content\/uploads\/2023\/01\/2022-07-30-11-11-37-343-1024x683.jpg\" alt=\"\" class=\"wp-image-1352\" width=\"504\" height=\"330\"\/><figcaption class=\"wp-element-caption\">Un poisson captur\u00e9 avec un teasers + vers <\/figcaption><\/figure><\/div>\n\n\n<p><span style=\"text-decoration: underline;\">La p\u00eache au bouchon en d\u00e9rive<\/span> : Cette technique peut \u00eatre utilis\u00e9e en compl\u00e9ment d&rsquo;une autre. En effet, il suffit de monter une canne avec un flotteur, de r\u00e9gler sa profondeur de p\u00eache, d&rsquo;escher des app\u00e2ts (vers, trippes, vifs) et de laisser d\u00e9river derri\u00e8re ou devant soi. Nous pouvons \u00e9galement encrer le bateau afin de laisser le montage \u00e9voluer au-dessus d&rsquo;une fosse, d&rsquo;un arbre immerg\u00e9&#8230; <\/p>\n\n\n<div class=\"wp-block-image\">\n<figure class=\"aligncenter size-large is-resized\"><img loading=\"lazy\" decoding=\"async\" src=\"https:\/\/occi-peche.com\/wp-content\/uploads\/2025\/07\/3_20250615_204710_0002-724x1024.png\" alt=\"\" class=\"wp-image-2212\" width=\"607\" height=\"858\" srcset=\"https:\/\/occi-peche.com\/wp-content\/uploads\/2025\/07\/3_20250615_204710_0002-724x1024.png 724w, https:\/\/occi-peche.com\/wp-content\/uploads\/2025\/07\/3_20250615_204710_0002-212x300.png 212w, https:\/\/occi-peche.com\/wp-content\/uploads\/2025\/07\/3_20250615_204710_0002-768x1086.png 768w, https:\/\/occi-peche.com\/wp-content\/uploads\/2025\/07\/3_20250615_204710_0002-1086x1536.png 1086w, https:\/\/occi-peche.com\/wp-content\/uploads\/2025\/07\/3_20250615_204710_0002-676x956.png 676w, https:\/\/occi-peche.com\/wp-content\/uploads\/2025\/07\/3_20250615_204710_0002-600x849.png 600w, https:\/\/occi-peche.com\/wp-content\/uploads\/2025\/07\/3_20250615_204710_0002.png 1414w\" sizes=\"auto, (max-width: 607px) 100vw, 607px\" \/><\/figure><\/div>\n\n\n<p>Depuis la berge, une multitude de techniques s&rsquo;offrent \u00e0 vous, permettant une p\u00eache relaxante et conviviale, et permettant de pratiquer d&rsquo;autre p\u00eache en attendant les touches (coup, feeder) ou d&rsquo;autres loisirs.<\/p>\n\n\n\n<p><span style=\"text-decoration: underline;\">La p\u00eache aux app\u00e2ts<\/span> : Beaucoup utilis\u00e9e dans la p\u00eache de la carpe, les app\u00e2ts comme les pellets, les bouillettes ou m\u00eame les croquettes pour chiens ont \u00e9galement un effet redoutable sur les silures. Cette technique est assez simple et ne demande pas une grande logistique pour \u00eatre pratiqu\u00e9e. Il suffit de se munir d&rsquo;une canne assez puissante, d&rsquo;un plomb et d&rsquo;un montage que l&rsquo;on peut trouver dans le commerce, un seau d&rsquo;app\u00e2t et GO ! Nous pouvons utiliser un bateau pour d\u00e9poser les montages ou m\u00eame lancer du bord.<\/p>\n\n\n<div class=\"wp-block-image\">\n<figure class=\"aligncenter size-large is-resized\"><img loading=\"lazy\" decoding=\"async\" src=\"https:\/\/occi-peche.com\/wp-content\/uploads\/2022\/06\/2022-06-08-17-41-34-848-768x1024.jpg\" alt=\"\" class=\"wp-image-1233\" width=\"295\" height=\"393\" srcset=\"https:\/\/occi-peche.com\/wp-content\/uploads\/2022\/06\/2022-06-08-17-41-34-848-768x1024.jpg 768w, https:\/\/occi-peche.com\/wp-content\/uploads\/2022\/06\/2022-06-08-17-41-34-848-600x800.jpg 600w, https:\/\/occi-peche.com\/wp-content\/uploads\/2022\/06\/2022-06-08-17-41-34-848-225x300.jpg 225w, https:\/\/occi-peche.com\/wp-content\/uploads\/2022\/06\/2022-06-08-17-41-34-848-1152x1536.jpg 1152w, https:\/\/occi-peche.com\/wp-content\/uploads\/2022\/06\/2022-06-08-17-41-34-848-676x901.jpg 676w, https:\/\/occi-peche.com\/wp-content\/uploads\/2022\/06\/2022-06-08-17-41-34-848.jpg 1536w\" sizes=\"auto, (max-width: 295px) 100vw, 295px\" \/><\/figure><\/div>\n\n\n<p><span style=\"text-decoration: underline;\">La p\u00eache aux flotteurs sous-marins<\/span> :  Cette technique est tr\u00e8s efficace, le montage  est relativement simple, un flotteur est fix\u00e9 sur le bas de ligne quelques centim\u00e8tres avant les hame\u00e7ons sur lesquels seront fix\u00e9s des vifs, des vers, des encornets&#8230; Le flotteur va permettre de d\u00e9coller \u00e0 la hauteur souhait\u00e9e l&rsquo;app\u00e2t et \u00e9viter que celui-ci ne se retrouve sous une branche, ou que des d\u00e9tritus viennent le recouvrir. Ce montage n\u00e9cessite n\u00e9anmoins un certain courant afin que le montage soit efficace. M\u00eame s&rsquo;il est tout \u00e0 fait possible de lancer le montage de fa\u00e7on traditionnel, il est pr\u00e9f\u00e9rable d&rsquo;utiliser une embarcation afin de positionner la canne dans la meilleur zone. Nous utilisons la plupart du temps des poids assez lourds (pierre de quelques kilos) afin que le courant ne fasse pas d\u00e9river le montage.<\/p>\n\n\n<div class=\"wp-block-image\">\n<figure class=\"aligncenter size-large is-resized\"><img loading=\"lazy\" decoding=\"async\" src=\"https:\/\/occi-peche.com\/wp-content\/uploads\/2022\/05\/2022-05-15-18-53-30-010-768x1024.jpg\" alt=\"\" class=\"wp-image-1159\" width=\"300\" height=\"400\" srcset=\"https:\/\/occi-peche.com\/wp-content\/uploads\/2022\/05\/2022-05-15-18-53-30-010-768x1024.jpg 768w, https:\/\/occi-peche.com\/wp-content\/uploads\/2022\/05\/2022-05-15-18-53-30-010-600x800.jpg 600w, https:\/\/occi-peche.com\/wp-content\/uploads\/2022\/05\/2022-05-15-18-53-30-010-225x300.jpg 225w, https:\/\/occi-peche.com\/wp-content\/uploads\/2022\/05\/2022-05-15-18-53-30-010-1152x1536.jpg 1152w, https:\/\/occi-peche.com\/wp-content\/uploads\/2022\/05\/2022-05-15-18-53-30-010-1536x2048.jpg 1536w, https:\/\/occi-peche.com\/wp-content\/uploads\/2022\/05\/2022-05-15-18-53-30-010-676x901.jpg 676w, https:\/\/occi-peche.com\/wp-content\/uploads\/2022\/05\/2022-05-15-18-53-30-010.jpg 1920w\" sizes=\"auto, (max-width: 300px) 100vw, 300px\" \/><figcaption class=\"wp-element-caption\">Montage flotteur sous-marin + trippes<\/figcaption><\/figure><\/div>\n\n\n<p><span style=\"text-decoration: underline;\">La p\u00eache \u00e0 la bou\u00e9e ou t\u00e9l\u00e9ph\u00e9rique<\/span>: Cette technique n\u00e9cessite obligatoirement une embarcation. Elle permet de p\u00eacher des zones non p\u00eachables au flotteur sous-marin (trop de courant ou de d\u00e9tritus), et de p\u00eacher de mani\u00e8re tr\u00e8s discr\u00e8te. Nous utilisons des cannes de 3 m\u00e8tres positionner \u00e0 la verticale sur notre berge, sur la berge oppos\u00e9e, nous venons fixer un relais (tresse) sur lequel est fixer un brin cassant. Cette technique nous permet de p\u00eacher sans avoir de banni\u00e8res dans l&rsquo;eau (notre tresse est au minimum 2m50 au-dessus de l&rsquo;eau). Si la berge est trop lointaine ou que nous n&rsquo;avons rien pour fixer notre cassant, nous utilisons une bou\u00e9e qui, lest\u00e9e d&rsquo;une lourde charge, nous permet d&rsquo;avoir un point d&rsquo;accroche. Lors de la touche, le brin cassant sert de fusible, il ne nous reste plus qu&rsquo;\u00e0 ferrer le poisson. Il est possible de r\u00e9aliser des sessions avec une dizaine de touches, avec des poissons de toutes tailles. <\/p>\n\n\n<div class=\"wp-block-image\">\n<figure class=\"aligncenter size-full is-resized\"><img loading=\"lazy\" decoding=\"async\" src=\"https:\/\/occi-peche.com\/wp-content\/uploads\/2022\/05\/2022-05-01-18-02-02-781.jpg\" alt=\"\" class=\"wp-image-1158\" width=\"418\" height=\"363\" srcset=\"https:\/\/occi-peche.com\/wp-content\/uploads\/2022\/05\/2022-05-01-18-02-02-781.jpg 828w, https:\/\/occi-peche.com\/wp-content\/uploads\/2022\/05\/2022-05-01-18-02-02-781-600x521.jpg 600w, https:\/\/occi-peche.com\/wp-content\/uploads\/2022\/05\/2022-05-01-18-02-02-781-300x261.jpg 300w, https:\/\/occi-peche.com\/wp-content\/uploads\/2022\/05\/2022-05-01-18-02-02-781-768x667.jpg 768w, https:\/\/occi-peche.com\/wp-content\/uploads\/2022\/05\/2022-05-01-18-02-02-781-676x587.jpg 676w\" sizes=\"auto, (max-width: 418px) 100vw, 418px\" \/><figcaption class=\"wp-element-caption\">Un gros poisson pour une petite bouch\u00e9e<\/figcaption><\/figure><\/div>","protected":false},"excerpt":{"rendered":"<p>Le silure est le plus gros poisson que l&rsquo;on peut retrouver en France, pouvant atteindre les 2m80 et peser plus de 100 kilos. Bien pr\u00e9sents sur la rivi\u00e8re Tarn, je vous invite \u00e0 venir taquiner ces poissons. N\u00e9cessitant un mat\u00e9riel adapt\u00e9, tout est fourni et compris dans le tarif (cannes, montages, app\u00e2ts, &#8230;) Pour vous&#8230;<\/p>\n","protected":false},"author":1,"featured_media":0,"parent":0,"menu_order":0,"comment_status":"closed","ping_status":"closed","template":"","meta":{"footnotes":""},"class_list":["post-86","page","type-page","status-publish","hentry"],"_links":{"self":[{"href":"https:\/\/occi-peche.com\/index.php\/wp-json\/wp\/v2\/pages\/86","targetHints":{"allow":["GET"]}}],"collection":[{"href":"https:\/\/occi-peche.com\/index.php\/wp-json\/wp\/v2\/pages"}],"about":[{"href":"https:\/\/occi-peche.com\/index.php\/wp-json\/wp\/v2\/types\/page"}],"author":[{"embeddable":true,"href":"https:\/\/occi-peche.com\/index.php\/wp-json\/wp\/v2\/users\/1"}],"replies":[{"embeddable":true,"href":"https:\/\/occi-peche.com\/index.php\/wp-json\/wp\/v2\/comments?post=86"}],"version-history":[{"count":20,"href":"https:\/\/occi-peche.com\/index.php\/wp-json\/wp\/v2\/pages\/86\/revisions"}],"predecessor-version":[{"id":2214,"href":"https:\/\/occi-peche.com\/index.php\/wp-json\/wp\/v2\/pages\/86\/revisions\/2214"}],"wp:attachment":[{"href":"https:\/\/occi-peche.com\/index.php\/wp-json\/wp\/v2\/media?parent=86"}],"curies":[{"name":"wp","href":"https:\/\/api.w.org\/{rel}","templated":true}]}}