{"id":89,"date":"2020-04-09T21:14:00","date_gmt":"2020-04-09T19:14:00","guid":{"rendered":"http:\/\/occi-peche.com\/?page_id=89"},"modified":"2025-07-02T19:20:32","modified_gmt":"2025-07-02T17:20:32","slug":"structures","status":"publish","type":"page","link":"https:\/\/occi-peche.com\/index.php\/structures\/","title":{"rendered":"Structures et Anniversaire P\u00eache"},"content":{"rendered":"\n<ul class=\"wp-block-list\">\n<li><strong>Centre de loisirs <\/strong><\/li>\n<\/ul>\n\n\n\n<p>Atelier p\u00eache&nbsp;:<\/p>\n\n\n\n<p>Ces activit\u00e9s ont pour but d\u2019initier, de faire progresser ou d\u2019apprendre de nouvelles techniques \u00e0 un public jeune. Plusieurs techniques peuvent \u00eatre mises en place telle que la p\u00eache au coup ou la p\u00eache au feeder.<\/p>\n\n\n\n<p><strong>Public : <\/strong>minimum 8 ans, maximum 8 enfants en activit\u00e9.                                             <\/p>\n\n\n\n<p><strong><u>Demi-<\/u><span style=\"text-decoration: underline;\"><u>journ\u00e9<\/u>e ou journ\u00e9e : <\/span><\/strong> sur devis.<\/p>\n\n\n\n<ul class=\"wp-block-list\">\n<li><strong>Scolaires<\/strong><\/li>\n<\/ul>\n\n\n\n<p>D\u00e9couverte de la p\u00eache&nbsp;:<\/p>\n\n\n\n<p>Les enfants d\u00e9couvrent la p\u00eache au coup, le mat\u00e9riel et la technique de p\u00eache.<br>Pr\u00e9paration de la canne, observation du montage, pr\u00e9paration de l\u2019amorce, mise en pratique de la gestuelle en s\u00e9curit\u00e9, observation des poissons en fin de s\u00e9ance.<\/p>\n\n\n\n<p><strong><u>Public&nbsp;:<\/u> 8 enfants maximum en activit\u00e9\/ \u00e0 partir du Cp<\/strong>.<\/p>\n\n\n\n<p><span style=\"text-decoration: underline;\"><strong>Demi-journ\u00e9e ou journ\u00e9e :<\/strong> <\/span>sur devis.<\/p>\n\n\n\n<p class=\"has-large-font-size\"> <strong> Anniversaire P\u00eache <\/strong><\/p>\n\n\n\n<p>Envie d\u2019originalit\u00e9 ? <\/p>\n\n\n\n<p>Viens f\u00eater ton anniversaire au bord de l\u2019eau en compagnie de tes amis !<\/p>\n\n\n\n<p>Groupe de maximum 10 enfants (pr\u00e9sence d\u2019un adulte obligatoirement) <\/p>\n\n\n\n<p><em>Pour plus d&rsquo;informations veuillez me contacter. <\/em><\/p>\n","protected":false},"excerpt":{"rendered":"<p>Atelier p\u00eache&nbsp;: Ces activit\u00e9s ont pour but d\u2019initier, de faire progresser ou d\u2019apprendre de nouvelles techniques \u00e0 un public jeune. Plusieurs techniques peuvent \u00eatre mises en place telle que la p\u00eache au coup ou la p\u00eache au feeder. Public : minimum 8 ans, maximum 8 enfants en activit\u00e9. Demi-journ\u00e9e ou journ\u00e9e : sur devis. D\u00e9couverte&#8230;<\/p>\n","protected":false},"author":1,"featured_media":0,"parent":0,"menu_order":0,"comment_status":"closed","ping_status":"closed","template":"","meta":{"footnotes":""},"class_list":["post-89","page","type-page","status-publish","hentry"],"_links":{"self":[{"href":"https:\/\/occi-peche.com\/index.php\/wp-json\/wp\/v2\/pages\/89","targetHints":{"allow":["GET"]}}],"collection":[{"href":"https:\/\/occi-peche.com\/index.php\/wp-json\/wp\/v2\/pages"}],"about":[{"href":"https:\/\/occi-peche.com\/index.php\/wp-json\/wp\/v2\/types\/page"}],"author":[{"embeddable":true,"href":"https:\/\/occi-peche.com\/index.php\/wp-json\/wp\/v2\/users\/1"}],"replies":[{"embeddable":true,"href":"https:\/\/occi-peche.com\/index.php\/wp-json\/wp\/v2\/comments?post=89"}],"version-history":[{"count":6,"href":"https:\/\/occi-peche.com\/index.php\/wp-json\/wp\/v2\/pages\/89\/revisions"}],"predecessor-version":[{"id":2204,"href":"https:\/\/occi-peche.com\/index.php\/wp-json\/wp\/v2\/pages\/89\/revisions\/2204"}],"wp:attachment":[{"href":"https:\/\/occi-peche.com\/index.php\/wp-json\/wp\/v2\/media?parent=89"}],"curies":[{"name":"wp","href":"https:\/\/api.w.org\/{rel}","templated":true}]}}